{"id":15,"date":"2024-01-11T09:48:47","date_gmt":"2024-01-11T09:48:47","guid":{"rendered":"http:\/\/5.2.203.8:8090\/?page_id=15"},"modified":"2025-06-10T08:06:43","modified_gmt":"2025-06-10T06:06:43","slug":"current-issue","status":"publish","type":"page","link":"https:\/\/marisia.ro\/?page_id=15&lang=en","title":{"rendered":"Current issue"},"content":{"rendered":"\n<h2 class=\"wp-block-heading\">Marisia. Archaeologia-Historia-Patrimonium 6, 2024<\/h2>\n\n\n\n<p><a href=\"https:\/\/marisia.ro\/?p=738\"><strong>Botond Rezi \u2013 S\u00e1ndor Berecki<\/strong>, A Late Bronze Age Spearhead from Gorne\u015fti<\/a><\/p>\n\n\n\n<p><a href=\"https:\/\/marisia.ro\/?p=743\"><strong>J\u00e1nos G\u00e1bor Tarbay<\/strong>, Fragmented Hoard from the Recycle Bin: Szentes-Nagyhegy I<\/a><\/p>\n\n\n\n<p><a href=\"https:\/\/marisia.ro\/?p=796&amp;lang=hu\"><strong>Gergely B\u00e1lint \u2013 Szilam\u00e9r-P\u00e9ter P\u00e1ncz\u00e9l<\/strong>, Roman Cosmetic and Medical Instruments from C\u0103lug\u0103reni \/ Mikh\u00e1za<\/a><\/p>\n\n\n\n<p><a href=\"https:\/\/marisia.ro\/?p=697\"><strong>Zsolt-Szabolcs Nagy \u2013 Szilam\u00e9r-P\u00e9ter P\u00e1ncz\u00e9l<\/strong>, Roman Arrows from C\u0103lug\u0103reni \/ Mikh\u00e1za: A Typological Approach<\/a><\/p>\n\n\n\n<p><a href=\"https:\/\/marisia.ro\/?p=703\"><strong>Florian Matei-Popescu \u2013 Szilam\u00e9r-P\u00e9ter P\u00e1ncz\u00e9l<\/strong>, Ready to Be Recycled? A Fragment of a Military Diploma from C\u0103lug\u0103reni \/ Mikh\u00e1za (Dacia Superior)<\/a><\/p>\n\n\n\n<p><a href=\"https:\/\/marisia.ro\/?p=708\"><strong>Bernadett Kov\u00e1cs<\/strong>, Notes on the Historiography of terra sigillata Research in Roman Dacia<\/a><\/p>\n\n\n\n<p><a href=\"https:\/\/marisia.ro\/?p=713\"><strong>Katalin Sid\u00f3 \u2013 Szilam\u00e9r-P\u00e9ter P\u00e1ncz\u00e9l<\/strong>, New Evidence Concerning the Ala Illyricorum from Br\u00e2ncovene\u0219ti \/ Marosv\u00e9cs<\/a><\/p>\n\n\n\n<p><a href=\"https:\/\/marisia.ro\/?p=719\"><strong>B\u00e1lint Ker\u00e9nyi<\/strong>, The Use of the Russian Term \u201cUgor\u201d in Hungarian Archeology<\/a><\/p>\n\n\n\n<p><a href=\"https:\/\/marisia.ro\/?p=725\"><strong>\u00c1ldor Csaba Bal\u00e1zs<\/strong>, A Late Medieval Battle Knife Discovered in Mure\u015f County<\/a><\/p>\n\n\n\n<p><a href=\"https:\/\/marisia.ro\/?p=730\"><strong>Anamaria Alexandra <\/strong>M<strong>archi\u0219<\/strong>, Conflict and Violence in the Middle Ages \u2013 Revisionist Perspectives on Historiography in the Last Decade<\/a><\/p>\n","protected":false},"excerpt":{"rendered":"<p>Marisia. Archaeologia-Historia-Patrimonium 6, 2024 Botond Rezi \u2013 S\u00e1ndor Berecki, A Late Bronze Age Spearhead from [&hellip;]<\/p>\n","protected":false},"author":1,"featured_media":0,"parent":0,"menu_order":0,"comment_status":"closed","ping_status":"closed","template":"page-full-width.php","meta":{"footnotes":""},"folder":[],"_links":{"self":[{"href":"https:\/\/marisia.ro\/index.php?rest_route=\/wp\/v2\/pages\/15"}],"collection":[{"href":"https:\/\/marisia.ro\/index.php?rest_route=\/wp\/v2\/pages"}],"about":[{"href":"https:\/\/marisia.ro\/index.php?rest_route=\/wp\/v2\/types\/page"}],"author":[{"embeddable":true,"href":"https:\/\/marisia.ro\/index.php?rest_route=\/wp\/v2\/users\/1"}],"replies":[{"embeddable":true,"href":"https:\/\/marisia.ro\/index.php?rest_route=%2Fwp%2Fv2%2Fcomments&post=15"}],"version-history":[{"count":8,"href":"https:\/\/marisia.ro\/index.php?rest_route=\/wp\/v2\/pages\/15\/revisions"}],"predecessor-version":[{"id":804,"href":"https:\/\/marisia.ro\/index.php?rest_route=\/wp\/v2\/pages\/15\/revisions\/804"}],"wp:attachment":[{"href":"https:\/\/marisia.ro\/index.php?rest_route=%2Fwp%2Fv2%2Fmedia&parent=15"}],"wp:term":[{"taxonomy":"folder","embeddable":true,"href":"https:\/\/marisia.ro\/index.php?rest_route=%2Fwp%2Fv2%2Ffolder&post=15"}],"curies":[{"name":"wp","href":"https:\/\/api.w.org\/{rel}","templated":true}]}}