{"id":19,"date":"2024-01-11T09:50:45","date_gmt":"2024-01-11T09:50:45","guid":{"rendered":"http:\/\/5.2.203.8:8090\/?page_id=19"},"modified":"2025-06-11T08:10:53","modified_gmt":"2025-06-11T06:10:53","slug":"editorial-and-scientific-board","status":"publish","type":"page","link":"https:\/\/marisia.ro\/?page_id=19&lang=en","title":{"rendered":"Editorial and Scientific Board\u00a0"},"content":{"rendered":"\n<p><strong>Executive Editor:&nbsp;<\/strong><\/p>\n\n\n\n<p>Kopp\u00e1ny Bulcs\u00fa \u00d6TV\u00d6S, Muzeul Jude\u0163ean Mure\u015f\/Mure\u015f County Museum<\/p>\n\n\n\n<p><strong>Editor-in-chief:<\/strong><\/p>\n\n\n\n<p>Rita E. N\u00c9METH, Muzeul Jude\u021bean Mure\u0219\/Mure\u0219 County Museum<\/p>\n\n\n\n<p><strong>Editors:&nbsp;<\/strong><\/p>\n\n\n\n<p>S\u00e1ndor BERECKI, Muzeul Jude\u0163ean Mure\u015f\/Mure\u015f County Museum<\/p>\n\n\n\n<p>Zal\u00e1n GY\u0150RFI, Muzeul Jude\u0163ean Mure\u015f\/Mure\u015f County Museum<\/p>\n\n\n\n<p>J\u00e1nos ORB\u00c1N, Muzeul Jude\u0163ean Mure\u015f\/Mure\u015f County Museum&nbsp;<\/p>\n\n\n\n<p>Szilam\u00e9r P\u00e9ter P\u00c1NCZ\u00c9L, Muzeul Jude\u0163ean Mure\u015f\/Mure\u015f County Museum<\/p>\n\n\n\n<p><strong>Editorial Secretary:<\/strong><\/p>\n\n\n\n<p>Botond REZI, Muzeul Jude\u0163ean Mure\u015f\/Mure\u015f County Museum<\/p>\n\n\n\n<p><strong>Editorial Advisory Board&nbsp;<\/strong><\/p>\n\n\n\n<p>Oliver DIETRICH (Halle (Saale), Germania)<\/p>\n\n\n\n<p>Elek BENK\u0150, Institute of Archaeology, Research Centre for the Humanities (Budapest, Hungary)&nbsp;<\/p>\n\n\n\n<p>Marius-Mihai CIUT\u0102, Lucian Blaga University of Sibiu (Sibiu, Romania)&nbsp;<\/p>\n\n\n\n<p>Zolt\u00e1n CZAJLIK, E\u00f6tv\u00f6s Lor\u00e1nd University, Institute of Archaeological Sciences (Budapest, Hungary)&nbsp;<\/p>\n\n\n\n<p>Ciprian FIREA, Romanian Academy, Institute of Archaeology and Art History (Cluj-Napoca, Romania)&nbsp;<\/p>\n\n\n\n<p>Andr\u00e1s KOV\u00c1CS, Babe\u0219-Bolyai University (Cluj-Napoca, Romania)&nbsp;<\/p>\n\n\n\n<p>Zsolt VISY, University of P\u00e9cs (P\u00e9cs, Hungary)<\/p>\n","protected":false},"excerpt":{"rendered":"<p>Executive Editor:&nbsp; Kopp\u00e1ny Bulcs\u00fa \u00d6TV\u00d6S, Muzeul Jude\u0163ean Mure\u015f\/Mure\u015f County Museum Editor-in-chief: Rita E. N\u00c9METH, Muzeul [&hellip;]<\/p>\n","protected":false},"author":1,"featured_media":0,"parent":0,"menu_order":0,"comment_status":"closed","ping_status":"closed","template":"page-full-width.php","meta":{"footnotes":""},"folder":[],"_links":{"self":[{"href":"https:\/\/marisia.ro\/index.php?rest_route=\/wp\/v2\/pages\/19"}],"collection":[{"href":"https:\/\/marisia.ro\/index.php?rest_route=\/wp\/v2\/pages"}],"about":[{"href":"https:\/\/marisia.ro\/index.php?rest_route=\/wp\/v2\/types\/page"}],"author":[{"embeddable":true,"href":"https:\/\/marisia.ro\/index.php?rest_route=\/wp\/v2\/users\/1"}],"replies":[{"embeddable":true,"href":"https:\/\/marisia.ro\/index.php?rest_route=%2Fwp%2Fv2%2Fcomments&post=19"}],"version-history":[{"count":4,"href":"https:\/\/marisia.ro\/index.php?rest_route=\/wp\/v2\/pages\/19\/revisions"}],"predecessor-version":[{"id":811,"href":"https:\/\/marisia.ro\/index.php?rest_route=\/wp\/v2\/pages\/19\/revisions\/811"}],"wp:attachment":[{"href":"https:\/\/marisia.ro\/index.php?rest_route=%2Fwp%2Fv2%2Fmedia&parent=19"}],"wp:term":[{"taxonomy":"folder","embeddable":true,"href":"https:\/\/marisia.ro\/index.php?rest_route=%2Fwp%2Fv2%2Ffolder&post=19"}],"curies":[{"name":"wp","href":"https:\/\/api.w.org\/{rel}","templated":true}]}}