{"id":217,"date":"2024-03-20T13:58:11","date_gmt":"2024-03-20T11:58:11","guid":{"rendered":"http:\/\/5.2.203.8:8090\/?page_id=217"},"modified":"2024-07-04T13:46:58","modified_gmt":"2024-07-04T11:46:58","slug":"marisia-archaeologia-historia-patrimonium-4-2022-2","status":"publish","type":"page","link":"https:\/\/marisia.ro\/?page_id=217","title":{"rendered":"Marisia. Archaeologia-Historia-Patrimonium 4, 2022"},"content":{"rendered":"\n<p><a href=\"http:\/\/marisia.ro\/wp-content\/uploads\/2024\/05\/Dietrich-2022.pdf\">Oliver Dietrich, \u00dcberlegungen zur Datierung und Zusammensetzung des bronzezeitlichen Handwerkerhorts von Timi\u015foara\u2011Fratelia, jud. Timi\u015f, Rum\u00e4nien<\/a><\/p>\n\n\n\n<p><a href=\"http:\/\/marisia.ro\/wp-content\/uploads\/2024\/05\/Petan-2022.pdf\">Aurora Pe\u021ban, Notes regarding the Roman presence in the area of the limestone quarries at<br>M\u0103gura C\u0103lanulu<\/a><a href=\"http:\/\/5.2.203.8:8090\/wp-content\/uploads\/2024\/05\/Petan-2022.pdf\">i<\/a><\/p>\n\n\n\n<p><a href=\"http:\/\/marisia.ro\/wp-content\/uploads\/2024\/05\/Takacs-2022.pdf\">Mikl\u00f3s Tak\u00e1cs, Egy p\u00e1rhuzamos vil\u00e1g. A szerb \u0151shonoss\u00e1g\u2011elm\u00e9let<\/a><\/p>\n\n\n\n<p><a href=\"http:\/\/marisia.ro\/wp-content\/uploads\/2024\/05\/Rusu-2022.pdf\">Adrian Andrei Rusu, Stove tiles from Transylvania (VIII). Medieval stove tiles from the town of Cluj<\/a><\/p>\n\n\n\n<p><a href=\"http:\/\/marisia.ro\/wp-content\/uploads\/2024\/05\/Boer-2022.pdf\">Ilka Bo\u00e9r, The Judith and Holofernes Theme on Stove Tiles from the 16th century discovered<br>in Cluj\u2011Napoca<\/a><\/p>\n\n\n\n<p><a href=\"http:\/\/marisia.ro\/wp-content\/uploads\/2024\/05\/Suket-2022.pdf\">Levente M\u00e1ty\u00e1s S\u00fcket, Additions to the history of the \u201cS\u00e1ndor\u2011manor\u201d of V\u0103c\u0103re\u0219ti (Vacs\u00e1rcsi) \u2013 Based on historical sources and the 2013 archaeological campaign<\/a><\/p>\n","protected":false},"excerpt":{"rendered":"<p>Oliver Dietrich, \u00dcberlegungen zur Datierung und Zusammensetzung des bronzezeitlichen Handwerkerhorts von Timi\u015foara\u2011Fratelia, jud. Timi\u015f, Rum\u00e4nien [&hellip;]<\/p>\n","protected":false},"author":1,"featured_media":0,"parent":0,"menu_order":0,"comment_status":"closed","ping_status":"closed","template":"page-full-width.php","meta":{"footnotes":""},"folder":[26],"_links":{"self":[{"href":"https:\/\/marisia.ro\/index.php?rest_route=\/wp\/v2\/pages\/217"}],"collection":[{"href":"https:\/\/marisia.ro\/index.php?rest_route=\/wp\/v2\/pages"}],"about":[{"href":"https:\/\/marisia.ro\/index.php?rest_route=\/wp\/v2\/types\/page"}],"author":[{"embeddable":true,"href":"https:\/\/marisia.ro\/index.php?rest_route=\/wp\/v2\/users\/1"}],"replies":[{"embeddable":true,"href":"https:\/\/marisia.ro\/index.php?rest_route=%2Fwp%2Fv2%2Fcomments&post=217"}],"version-history":[{"count":3,"href":"https:\/\/marisia.ro\/index.php?rest_route=\/wp\/v2\/pages\/217\/revisions"}],"predecessor-version":[{"id":503,"href":"https:\/\/marisia.ro\/index.php?rest_route=\/wp\/v2\/pages\/217\/revisions\/503"}],"wp:attachment":[{"href":"https:\/\/marisia.ro\/index.php?rest_route=%2Fwp%2Fv2%2Fmedia&parent=217"}],"wp:term":[{"taxonomy":"folder","embeddable":true,"href":"https:\/\/marisia.ro\/index.php?rest_route=%2Fwp%2Fv2%2Ffolder&post=217"}],"curies":[{"name":"wp","href":"https:\/\/api.w.org\/{rel}","templated":true}]}}