{"id":224,"date":"2024-03-20T14:01:55","date_gmt":"2024-03-20T12:01:55","guid":{"rendered":"http:\/\/5.2.203.8:8090\/?page_id=224"},"modified":"2024-07-04T13:44:29","modified_gmt":"2024-07-04T11:44:29","slug":"marisia-archaeologia-historia-patrimonium-3-2021","status":"publish","type":"page","link":"https:\/\/marisia.ro\/?page_id=224","title":{"rendered":"Marisia. Archaeologia-Historia-Patrimonium 3, 2021"},"content":{"rendered":"\n<p><a href=\"http:\/\/marisia.ro\/wp-content\/uploads\/2024\/05\/Berecki-2021.pdf\">S\u00e1ndor Berecki, An Anthropomorphic Figurine Belonging to the Co\u0163ofeni Culture from S\u00e2ngeorgiu de Mure\u015f<\/a><\/p>\n\n\n\n<p><a href=\"http:\/\/marisia.ro\/wp-content\/uploads\/2024\/05\/Daroczi-2021.pdf\">Tibor-Tam\u00e1s Dar\u00f3czi, Crescent Rising. Semi-Circular-Shaped Pendants from Bronze Age Funerary Contexts of the Eastern Carpathian Basin<\/a><\/p>\n\n\n\n<p><a href=\"http:\/\/marisia.ro\/wp-content\/uploads\/2024\/05\/Puskas_Darvas-2021.pdf\">J\u00f3zsef Pusk\u00e1s, L\u00f3r\u00e1nt Darvas, Late Bronze Age Pottery Deposits from the Site of S\u00e2ncr\u0103ieni \/ Cs\u00edkszentkir\u00e1ly\u2013K\u0151oldal (Harghita County, Romania)<\/a><\/p>\n\n\n\n<p><a href=\"http:\/\/marisia.ro\/wp-content\/uploads\/2024\/05\/Petan-2021.pdf\">Aurora Pe\u021ban, Gr\u0103di\u015ftea de Munte\u2013Sub Cununi (Hunedoara County). The File of a Forgotten Archaeological Site<\/a><\/p>\n\n\n\n<p><a href=\"http:\/\/marisia.ro\/wp-content\/uploads\/2024\/05\/Panczel_Bajusz-2021.pdf\">Szilam\u00e9r-P\u00e9ter P\u00e1ncz\u00e9l, M\u00e1ty\u00e1s Bajusz, Searching for the North-Eastern Angle Tower of the Auxiliary Fort of C\u0103lug\u0103reni\/Mikh\u00e1za<\/a><\/p>\n\n\n\n<p><a href=\"http:\/\/marisia.ro\/wp-content\/uploads\/2024\/05\/Panczel_Sido_Szilagyi-2021.pdf\">Szilam\u00e9r-P\u00e9ter P\u00e1ncz\u00e9l, Katalin Sid\u00f3, Orsolya Szil\u00e1gyi, The Excavations at the North-Eastern Angle Tower of the Auxiliary Fort of C\u0103lug\u0103reni\/Mikh\u00e1za<\/a><\/p>\n\n\n\n<p><a href=\"http:\/\/marisia.ro\/wp-content\/uploads\/2024\/05\/Szekernyes_Panczel-2021.pdf\">L\u00e1szl\u00f3 Szekerny\u00e9s, Szilam\u00e9r-P\u00e9ter P\u00e1ncz\u00e9l, Roman Rotary Querns from C\u0103lug\u0103reni\/Mikh\u00e1za<\/a><\/p>\n\n\n\n<p><a href=\"http:\/\/marisia.ro\/wp-content\/uploads\/2024\/05\/Nyulas-2021.pdf\">Dorottya Nyulas, When a Long-Lost Inscription (CIL III, 944) Suddenly Grows. About a Manuscript Regarding Roman Discoveries from C\u0103lug\u0103reni\/Mikh\u00e1za<\/a><\/p>\n\n\n\n<p><a href=\"http:\/\/marisia.ro\/wp-content\/uploads\/2024\/05\/Barbocz-2021.pdf\">Be\u00e1ta Barbocz, Germanic Stamped Pottery Vessels from Early Avar Age Cemeteries in Transylvania<\/a><\/p>\n\n\n\n<p><a href=\"http:\/\/marisia.ro\/wp-content\/uploads\/2024\/07\/Kovacs-2021.pdf\">M\u00e1ria-M\u00e1rta Kov\u00e1cs, A Tentative Reconstruction of Two Dispersed Sets of 17th Century Beakers<\/a><\/p>\n\n\n\n<p><a href=\"http:\/\/marisia.ro\/wp-content\/uploads\/2024\/05\/Szekely-2021.pdf\">Mikl\u00f3s Sz\u00e9kely, Attila deasupra ora\u0219ului. Programul iconografic al grupului statuar realizat de J\u00f3zsef R\u00f3na pe fa\u0163ada Muzeului Industrial Secuiesc<\/a><\/p>\n","protected":false},"excerpt":{"rendered":"<p>S\u00e1ndor Berecki, An Anthropomorphic Figurine Belonging to the Co\u0163ofeni Culture from S\u00e2ngeorgiu de Mure\u015f Tibor-Tam\u00e1s [&hellip;]<\/p>\n","protected":false},"author":1,"featured_media":0,"parent":0,"menu_order":0,"comment_status":"closed","ping_status":"closed","template":"page-full-width.php","meta":{"footnotes":""},"folder":[26],"_links":{"self":[{"href":"https:\/\/marisia.ro\/index.php?rest_route=\/wp\/v2\/pages\/224"}],"collection":[{"href":"https:\/\/marisia.ro\/index.php?rest_route=\/wp\/v2\/pages"}],"about":[{"href":"https:\/\/marisia.ro\/index.php?rest_route=\/wp\/v2\/types\/page"}],"author":[{"embeddable":true,"href":"https:\/\/marisia.ro\/index.php?rest_route=\/wp\/v2\/users\/1"}],"replies":[{"embeddable":true,"href":"https:\/\/marisia.ro\/index.php?rest_route=%2Fwp%2Fv2%2Fcomments&post=224"}],"version-history":[{"count":6,"href":"https:\/\/marisia.ro\/index.php?rest_route=\/wp\/v2\/pages\/224\/revisions"}],"predecessor-version":[{"id":501,"href":"https:\/\/marisia.ro\/index.php?rest_route=\/wp\/v2\/pages\/224\/revisions\/501"}],"wp:attachment":[{"href":"https:\/\/marisia.ro\/index.php?rest_route=%2Fwp%2Fv2%2Fmedia&parent=224"}],"wp:term":[{"taxonomy":"folder","embeddable":true,"href":"https:\/\/marisia.ro\/index.php?rest_route=%2Fwp%2Fv2%2Ffolder&post=224"}],"curies":[{"name":"wp","href":"https:\/\/api.w.org\/{rel}","templated":true}]}}