{"id":226,"date":"2024-03-20T14:02:32","date_gmt":"2024-03-20T12:02:32","guid":{"rendered":"http:\/\/5.2.203.8:8090\/?page_id=226"},"modified":"2024-07-04T12:38:40","modified_gmt":"2024-07-04T10:38:40","slug":"marisia-archaeologia-historia-patrimonium-2-2020","status":"publish","type":"page","link":"https:\/\/marisia.ro\/?page_id=226","title":{"rendered":"Marisia. Archaeologia-Historia-Patrimonium 2, 2020"},"content":{"rendered":"\n<p><a href=\"http:\/\/marisia.ro\/wp-content\/uploads\/2024\/07\/Czajlik_Bartus_Rupnik-2020.pdf\">Zolt\u00e1n Czajlik, D\u00e1vid Bartus, L\u00e1szl\u00f3 Rupnik, Aerial Archaeological Investigations in Transylvania. The Aerial Archaeological Archive of Transylvania at the Institute of Archaeological Sciences of the E\u00f6tv\u00f6s Lor\u00e1nd University, Budapest<\/a><\/p>\n\n\n\n<p><a href=\"http:\/\/marisia.ro\/wp-content\/uploads\/2024\/07\/Berecki_Hago-2020.pdf\">S\u00e1ndor Berecki, Attila N\u00e1ndor H\u00e1g\u00f3, A Neolithic Settlement from T\u00e2rgu Mure\u015f. II. The Courtyard of the University<\/a><\/p>\n\n\n\n<p><a href=\"http:\/\/marisia.ro\/wp-content\/uploads\/2024\/07\/Kelemen-2020.pdf\">Imola Kelemen, Neolithic Archaeozoology at T\u00e2rgu Mure\u0219<\/a><\/p>\n\n\n\n<p><a href=\"http:\/\/marisia.ro\/wp-content\/uploads\/2024\/07\/Szasz-2020.pdf\">Hajnal Sz\u00e1sz, Early Bronze Age Burial Mounds in Southeast Transylvania<\/a><\/p>\n\n\n\n<p><a href=\"http:\/\/marisia.ro\/wp-content\/uploads\/2024\/07\/Puskas-2020.pdf\">J\u00f3zsef Pusk\u00e1s, The Middle Bronze Age Cemetery at \u0162ufal\u0103u\/C\u00f3falva\u2013Al\u00e1men\u0151 I. (Covasna County, Romania)<\/a><\/p>\n\n\n\n<p><a href=\"http:\/\/marisia.ro\/wp-content\/uploads\/2024\/07\/Rezi-2020.pdf\">Botond Rezi, Weapon in the Attic. A Late Bronze Age Sword Rediscovered<\/a><\/p>\n\n\n\n<p><a href=\"http:\/\/marisia.ro\/wp-content\/uploads\/2024\/07\/Gal-2020.pdf\">Szil\u00e1rd S\u00e1ndor G\u00e1l, Anthropological Analysis of Iron Age Cremation Burials from Transylvania<\/a><\/p>\n\n\n\n<p><a href=\"http:\/\/marisia.ro\/wp-content\/uploads\/2024\/07\/Craciun-2020.pdf\">Cristian Cr\u0103ciun, Die alt\u00e4gyptischen Artefakte des Kreismuseums Mure\u0219, Rum\u00e4nien<\/a><\/p>\n\n\n\n<p><a href=\"http:\/\/marisia.ro\/wp-content\/uploads\/2024\/07\/Hopken_Fiedler_Oberhofer-2020.pdf\">Constanze H\u00f6pken, Manuel Fiedler, Karl Oberhofer, Ausgrabungen im vicus von C\u0103lug\u0103reni\/Mikh\u00e1za, Kreis Mure\u0219(Rum\u00e4nien)<\/a><\/p>\n\n\n\n<p><a href=\"http:\/\/marisia.ro\/wp-content\/uploads\/2024\/07\/Tabaler-2020.pdf\">Ildik\u00f3 Talab\u00e9r, Roman Jewellery from C\u0103lug\u0103reni \/ Mikh\u00e1za on the Eastern Limes of Dacia<\/a><\/p>\n\n\n\n<p><a href=\"http:\/\/marisia.ro\/wp-content\/uploads\/2024\/07\/Sido_Panczel-2020.pdf\">Katalin Sid\u00f3, Szilam\u00e9r\u2011P\u00e9ter P\u00e1ncz\u00e9l, Possible Kernoi Discovered in the Principia from C\u0103lug\u0103reni\/Mikh\u00e1za<\/a><\/p>\n\n\n\n<p><a href=\"http:\/\/marisia.ro\/wp-content\/uploads\/2024\/07\/Szilagyi-2020.pdf\">Orsolya Szil\u00e1gyi, The Contributions of Andr\u00e1s Lugosi Fodor to the Research of Roman Dacia<\/a><\/p>\n\n\n\n<p><a href=\"http:\/\/marisia.ro\/wp-content\/uploads\/2024\/07\/Visy-2020.pdf\">Zsolt Visy, The Daco-Roman Continuity? Myth or Fact?<\/a><\/p>\n\n\n\n<p><a href=\"http:\/\/marisia.ro\/wp-content\/uploads\/2024\/07\/Barbocz-2020.pdf\">Be\u00e1ta Barbocz, Migration Period Pottery Made after Germanic Traditions at the Cemetery of Band<\/a><\/p>\n\n\n\n<p><a href=\"http:\/\/marisia.ro\/wp-content\/uploads\/2024\/07\/Nyaradi-2020.pdf\">Zsolt Ny\u00e1r\u00e1di, Investigating a Late Medieval Cemetery<\/a><\/p>\n\n\n\n<p><a href=\"http:\/\/marisia.ro\/wp-content\/uploads\/2024\/07\/Bara-2020.pdf\">J\u00falia Bara, Patronajul ecleziastic al Kl\u00e1rei K\u00e1rolyi la S\u00e2npaul<\/a><\/p>\n\n\n\n<p><a href=\"http:\/\/marisia.ro\/wp-content\/uploads\/2024\/07\/Barabas-2020.pdf\">Kisanna Barab\u00e1s, Information about the Scattering of C\u0103lug\u0103reni\u2019s Franciscan Relics<\/a><\/p>\n","protected":false},"excerpt":{"rendered":"<p>Zolt\u00e1n Czajlik, D\u00e1vid Bartus, L\u00e1szl\u00f3 Rupnik, Aerial Archaeological Investigations in Transylvania. The Aerial Archaeological Archive [&hellip;]<\/p>\n","protected":false},"author":1,"featured_media":0,"parent":0,"menu_order":0,"comment_status":"closed","ping_status":"closed","template":"page-full-width.php","meta":{"footnotes":""},"folder":[26],"_links":{"self":[{"href":"https:\/\/marisia.ro\/index.php?rest_route=\/wp\/v2\/pages\/226"}],"collection":[{"href":"https:\/\/marisia.ro\/index.php?rest_route=\/wp\/v2\/pages"}],"about":[{"href":"https:\/\/marisia.ro\/index.php?rest_route=\/wp\/v2\/types\/page"}],"author":[{"embeddable":true,"href":"https:\/\/marisia.ro\/index.php?rest_route=\/wp\/v2\/users\/1"}],"replies":[{"embeddable":true,"href":"https:\/\/marisia.ro\/index.php?rest_route=%2Fwp%2Fv2%2Fcomments&post=226"}],"version-history":[{"count":4,"href":"https:\/\/marisia.ro\/index.php?rest_route=\/wp\/v2\/pages\/226\/revisions"}],"predecessor-version":[{"id":434,"href":"https:\/\/marisia.ro\/index.php?rest_route=\/wp\/v2\/pages\/226\/revisions\/434"}],"wp:attachment":[{"href":"https:\/\/marisia.ro\/index.php?rest_route=%2Fwp%2Fv2%2Fmedia&parent=226"}],"wp:term":[{"taxonomy":"folder","embeddable":true,"href":"https:\/\/marisia.ro\/index.php?rest_route=%2Fwp%2Fv2%2Ffolder&post=226"}],"curies":[{"name":"wp","href":"https:\/\/api.w.org\/{rel}","templated":true}]}}