{"id":228,"date":"2024-03-20T14:02:58","date_gmt":"2024-03-20T12:02:58","guid":{"rendered":"http:\/\/5.2.203.8:8090\/?page_id=228"},"modified":"2024-07-04T12:54:25","modified_gmt":"2024-07-04T10:54:25","slug":"marisia-archaeologia-historia-patrimonium-1-2019","status":"publish","type":"page","link":"https:\/\/marisia.ro\/?page_id=228","title":{"rendered":"Marisia. Archaeologia-Historia-Patrimonium 1, 2019"},"content":{"rendered":"\n<p><a href=\"http:\/\/marisia.ro\/wp-content\/uploads\/2024\/07\/Berecki_Hago-2019.pdf\">S\u00e1ndor Berecki, Attila N\u00e1ndor H\u00e1g\u00f3, A Neolithic Settlement from Targu Mure\u015f. I. The Courtyard of the Fortress<\/a><\/p>\n\n\n\n<p><a href=\"http:\/\/marisia.ro\/wp-content\/uploads\/2024\/07\/Berecki_Sztancsuj-2019.pdf\">S\u00e1ndor Berecki, S\u00e1ndor J\u00f3zsef Szt\u00e1ncsuj, A Neolithic Settlement from Ernei<\/a><\/p>\n\n\n\n<p><a href=\"http:\/\/marisia.ro\/wp-content\/uploads\/2024\/07\/Ferencz_Roman-2019.pdf\">Iosif Vasile Ferencz, Cristian Constantin Roman, A Late Iron Age Belt Buckle from Ardeu<\/a><\/p>\n\n\n\n<p><a href=\"http:\/\/marisia.ro\/wp-content\/uploads\/2024\/07\/Petan-2019.pdf\">Aurora Pe\u0163an, News on the Discovery of the Ruins from Gr\u0103di\u015ftea Muncelului in the International and Local Press from the Beginning of the 19th Century<\/a><\/p>\n\n\n\n<p><a href=\"http:\/\/marisia.ro\/wp-content\/uploads\/2024\/07\/Man-2019.pdf\">Nicoleta Man, Life on Roman Limes. Civilian Settlements on Eastern Limes of Dacia (Between the Camps from Br\u00e2ncovene\u015fti and S\u0103r\u0103\u0163eni)<\/a><\/p>\n\n\n\n<p><a href=\"http:\/\/marisia.ro\/wp-content\/uploads\/2024\/07\/Ciuta-2019.pdf\">Marius-Mihai Ciut\u0103, Two Sculptural Pieces Recently Returned to the National Cultural Heritage<\/a><\/p>\n\n\n\n<p><a href=\"http:\/\/marisia.ro\/wp-content\/uploads\/2024\/07\/Laszlo_Gyorfi-2019.pdf\">Keve L\u00e1szl\u00f3, Zal\u00e1n Gy\u0151rfi, Medieval Small Finds in the Borders of Ideciu de Jos<\/a><\/p>\n\n\n\n<p><a href=\"http:\/\/marisia.ro\/wp-content\/uploads\/2024\/07\/Botar-2019.pdf\">Bot\u00e1r Istv\u00e1n, A Csiki-medence kozepkori kornyezeti viszonyairolhttp:\/\/marisia.ro\/wp-content\/uploads\/2024\/07\/Ciuta-2019.pdf<\/a><\/p>\n\n\n\n<p><a href=\"http:\/\/marisia.ro\/wp-content\/uploads\/2024\/07\/Toda-2019.pdf\">Oana Toda, Tobacco Clay Pipes from Rupea Castle and their Historical Context<\/a><\/p>\n\n\n\n<p><a href=\"http:\/\/marisia.ro\/wp-content\/uploads\/2024\/07\/Karacsony-2019.pdf\">Istv\u00e1n Kar\u00e1csony, Date noi privind elementele de amenajare interioar\u0103 ale bisericii reformate din Fantanele J\u00e1nos Orb\u00e1n, Istoricul casei Hirschmann \u0219i inceputurile stilului secession maghiar la Targu Mure\u0219<\/a><\/p>\n\n\n\n<p><a href=\"http:\/\/marisia.ro\/wp-content\/uploads\/2024\/07\/Orban-2019.pdf\">J\u00e1nos Orb\u00e1n, Istoricul casei Hirschmann \u0219i inceputurile stilului secession maghiar la Targu Mure\u0219<\/a><\/p>\n","protected":false},"excerpt":{"rendered":"<p>S\u00e1ndor Berecki, Attila N\u00e1ndor H\u00e1g\u00f3, A Neolithic Settlement from Targu Mure\u015f. I. The Courtyard of [&hellip;]<\/p>\n","protected":false},"author":1,"featured_media":0,"parent":0,"menu_order":0,"comment_status":"closed","ping_status":"closed","template":"page-full-width.php","meta":{"footnotes":""},"folder":[26],"_links":{"self":[{"href":"https:\/\/marisia.ro\/index.php?rest_route=\/wp\/v2\/pages\/228"}],"collection":[{"href":"https:\/\/marisia.ro\/index.php?rest_route=\/wp\/v2\/pages"}],"about":[{"href":"https:\/\/marisia.ro\/index.php?rest_route=\/wp\/v2\/types\/page"}],"author":[{"embeddable":true,"href":"https:\/\/marisia.ro\/index.php?rest_route=\/wp\/v2\/users\/1"}],"replies":[{"embeddable":true,"href":"https:\/\/marisia.ro\/index.php?rest_route=%2Fwp%2Fv2%2Fcomments&post=228"}],"version-history":[{"count":5,"href":"https:\/\/marisia.ro\/index.php?rest_route=\/wp\/v2\/pages\/228\/revisions"}],"predecessor-version":[{"id":452,"href":"https:\/\/marisia.ro\/index.php?rest_route=\/wp\/v2\/pages\/228\/revisions\/452"}],"wp:attachment":[{"href":"https:\/\/marisia.ro\/index.php?rest_route=%2Fwp%2Fv2%2Fmedia&parent=228"}],"wp:term":[{"taxonomy":"folder","embeddable":true,"href":"https:\/\/marisia.ro\/index.php?rest_route=%2Fwp%2Fv2%2Ffolder&post=228"}],"curies":[{"name":"wp","href":"https:\/\/api.w.org\/{rel}","templated":true}]}}