{"id":236,"date":"2024-03-20T14:05:17","date_gmt":"2024-03-20T12:05:17","guid":{"rendered":"http:\/\/5.2.203.8:8090\/?page_id=236"},"modified":"2024-07-04T13:25:16","modified_gmt":"2024-07-04T11:25:16","slug":"marisia-xxxiv-xxxv-2015-arheologie","status":"publish","type":"page","link":"https:\/\/marisia.ro\/?page_id=236","title":{"rendered":"Marisia XXXIV\u2013XXXV, 2015 (Arheologie)"},"content":{"rendered":"\n<p><a href=\"http:\/\/marisia.ro\/wp-content\/uploads\/2024\/07\/02_Puskas.pdf\">J\u00f3zsef Pusk\u00e1s, New Prehistoric Discoveries from Albi\u015f\/K\u00e9zdialbis (Covasna County, Romania)<\/a><\/p>\n\n\n\n<p><a href=\"http:\/\/marisia.ro\/wp-content\/uploads\/2024\/07\/03_Berecki.pdf\">S\u00e1ndor Berecki, Late Iron Age Finds from the Collection of Istv\u00e1n D\u00e9nes<\/a><\/p>\n\n\n\n<p><a href=\"http:\/\/marisia.ro\/wp-content\/uploads\/2024\/07\/04_Cioata_Otvos.pdf\">Daniel Cioat\u0103, Kopp\u00e1ny Bulcs\u00fa \u00d6tv\u00f6s, Roman Military Equipment from S\u0103r\u0103\u0163eni<\/a><\/p>\n\n\n\n<p><a href=\"http:\/\/marisia.ro\/wp-content\/uploads\/2024\/07\/05_Spanu.pdf\">Daniel Sp\u00e2nu, Mica necropol\u0103 din secolele II\u2013III p. Chr. de la Sighi\u015foara\u2013Dealul Viilor<\/a><\/p>\n\n\n\n<p><a href=\"http:\/\/marisia.ro\/wp-content\/uploads\/2024\/07\/06_Gall_Hogyes.pdf\">G\u00e1ll Erwin, H\u0151gyes Mih\u00e1ly Huba, N\u00e9h\u00e1ny gondolat a Kis-Szamos v\u00f6lgy\u00e9nek \u00c1rp\u00e1d-kori telep\u00fcl\u00e9ster\u00fclet\u00e9r\u0151l (11. sz\u00e1zad \u2012 13. sz\u00e1zad els\u0151 fele)<\/a><\/p>\n\n\n\n<p><a href=\"http:\/\/marisia.ro\/wp-content\/uploads\/2024\/07\/07_Gall.pdf\">Erwin G\u00e1ll, Habitatul est-transilv\u0103nean \u00een secolele XII\u2012XIII. Evolu\u021biile microzonei Sighi\u015foara \u015fi a sitului Dealul Viilor \u00eentr-un peisaj de grani\u021b\u0103<\/a><\/p>\n\n\n\n<p><a href=\"http:\/\/marisia.ro\/wp-content\/uploads\/2024\/07\/08_Rusu.pdf\">Adrian Andrei Rusu, Medieval stili from Romania<\/a><\/p>\n\n\n\n<p><a href=\"http:\/\/marisia.ro\/wp-content\/uploads\/2024\/07\/09_Gyorfi.pdf\">Zal\u00e1n Gy\u0151rfi, Medieval Weapons from Bistra Mure\u015fului<\/a><\/p>\n\n\n\n<p><a href=\"http:\/\/marisia.ro\/wp-content\/uploads\/2024\/07\/10_Karacsony.pdf\">Istv\u00e1n Kar\u00e1csony, Sighi\u015foara \u2013 structuri urbane, arhitecturale \u015fi stilistice. C\u00e2teva problem privind evolu\u0163ia zonei citadine din regiunea str\u0103zii Morii (M\u00fchlgasse) \u015fi a Bulevardului 1 Decembrie 1918 (Baiergasse)<\/a><\/p>\n\n\n\n<p><a href=\"http:\/\/marisia.ro\/wp-content\/uploads\/2024\/07\/11_Vass.pdf\">L\u00f3r\u00e1nt Vass, Orsolya L\u00e1ng \u2013 Alexandra Nagy \u2013 P\u00e9ter V\u00e1mos, The Aquincum Macellum. Researches in the area of the macellum in the Aquincum Civil Town (1882-1965). Applying news methods for old excavation materials. Aquincum Nostrum I.3., Budapest, 2014. 198 pages, 44 tables<\/a><\/p>\n","protected":false},"excerpt":{"rendered":"<p>J\u00f3zsef Pusk\u00e1s, New Prehistoric Discoveries from Albi\u015f\/K\u00e9zdialbis (Covasna County, Romania) S\u00e1ndor Berecki, Late Iron Age [&hellip;]<\/p>\n","protected":false},"author":1,"featured_media":0,"parent":0,"menu_order":0,"comment_status":"closed","ping_status":"closed","template":"page-full-width.php","meta":{"footnotes":""},"folder":[26],"_links":{"self":[{"href":"https:\/\/marisia.ro\/index.php?rest_route=\/wp\/v2\/pages\/236"}],"collection":[{"href":"https:\/\/marisia.ro\/index.php?rest_route=\/wp\/v2\/pages"}],"about":[{"href":"https:\/\/marisia.ro\/index.php?rest_route=\/wp\/v2\/types\/page"}],"author":[{"embeddable":true,"href":"https:\/\/marisia.ro\/index.php?rest_route=\/wp\/v2\/users\/1"}],"replies":[{"embeddable":true,"href":"https:\/\/marisia.ro\/index.php?rest_route=%2Fwp%2Fv2%2Fcomments&post=236"}],"version-history":[{"count":3,"href":"https:\/\/marisia.ro\/index.php?rest_route=\/wp\/v2\/pages\/236\/revisions"}],"predecessor-version":[{"id":476,"href":"https:\/\/marisia.ro\/index.php?rest_route=\/wp\/v2\/pages\/236\/revisions\/476"}],"wp:attachment":[{"href":"https:\/\/marisia.ro\/index.php?rest_route=%2Fwp%2Fv2%2Fmedia&parent=236"}],"wp:term":[{"taxonomy":"folder","embeddable":true,"href":"https:\/\/marisia.ro\/index.php?rest_route=%2Fwp%2Fv2%2Ffolder&post=236"}],"curies":[{"name":"wp","href":"https:\/\/api.w.org\/{rel}","templated":true}]}}