{"id":240,"date":"2024-03-20T14:06:10","date_gmt":"2024-03-20T12:06:10","guid":{"rendered":"http:\/\/5.2.203.8:8090\/?page_id=240"},"modified":"2024-07-04T13:35:12","modified_gmt":"2024-07-04T11:35:12","slug":"marisia-xxxiii-2013arheologie","status":"publish","type":"page","link":"https:\/\/marisia.ro\/?page_id=240","title":{"rendered":"Marisia XXXIII, 2013(Arheologie)"},"content":{"rendered":"\n<p><a href=\"http:\/\/marisia.ro\/wp-content\/uploads\/2024\/07\/01_Berecki_Marisia33.pdf\">S\u00e1ndor Berecki, Another Early Iron Age Zoomorphic Clay Figurine from T\u00e2rgu Mure\u015f<\/a><\/p>\n\n\n\n<p><a href=\"http:\/\/marisia.ro\/wp-content\/uploads\/2024\/07\/02_Topal_Marisia33.pdf\">Denis Topal, Akinakai of Kelermes Type: New Discoveries in Central Bessarabia<\/a><\/p>\n\n\n\n<p><a href=\"http:\/\/marisia.ro\/wp-content\/uploads\/2024\/07\/03_Rezi-Cioata_Marisia33.pdf\">Botond Rezi, Daniel Cioat\u0103, A Newly Discovered Dagger-Knife from Dumbrava (V\u0103tava parish, Mure\u0219 County)<\/a><\/p>\n\n\n\n<p><a href=\"http:\/\/marisia.ro\/wp-content\/uploads\/2024\/07\/04_Farkas_Marisia33.pdf\">Istv\u00e1n Gerg\u0151 Farkas, The Social and Economical Impact of Legionary Presence on the Life of a Province. The Dislocation of the Roman Army in Raetia<\/a><\/p>\n\n\n\n<p><a href=\"http:\/\/marisia.ro\/wp-content\/uploads\/2024\/07\/05_Szabo_Marisia33.pdf\">Andr\u00e1s Szab\u00f3, The Cognomen Devictarum Gentium \u2018Dacicus Maximus\u2019 of Maximinus Thrax<\/a><\/p>\n\n\n\n<p><a href=\"http:\/\/marisia.ro\/wp-content\/uploads\/2024\/07\/06_Ferencz-Matefi_Marisia33.pdf\">\u00c1gota Ferencz-M\u00e1t\u00e9fi, Family Funerary Monuments in Roman Dacia<\/a><\/p>\n\n\n\n<p><a href=\"http:\/\/marisia.ro\/wp-content\/uploads\/2024\/07\/07_Takacs_Marisia33.pdf\">Mikl\u00f3s Tak\u00e1cs, Considera\u0163ii privind bisericile ce configureaz\u0103 crucea \u00een planul \u015fi structura lor spa\u0163ial\u0103. Cazul unor monumente din evul mediu timpuriu, recent descoperite \u00een Bazinul Carpatic. Gondolatok a keresztet alaprajzukban, illetve t\u00e9rszerkezet\u00fckben megjelen\u00edt\u0151 templomokr\u00f3l, k\u00fcl\u00f6n\u00f6s tekintettel n\u00e9h\u00e1ny, a k\u00f6zelm\u00faltban felt\u00e1rt, K\u00e1rp\u00e1t-medencei korai k\u00f6z\u00e9pkori eml\u00e9kre<\/a><\/p>\n\n\n\n<p><a href=\"http:\/\/marisia.ro\/wp-content\/uploads\/2024\/07\/08_Gall_Marisia33.pdf\">Erwin G\u00e1ll, Churchyards in the Transylvanian Basin from the 11th to the First Half of the 13th Centuries. On the Beginning of Institutionalized Christianity<\/a><\/p>\n\n\n\n<p><a href=\"http:\/\/marisia.ro\/wp-content\/uploads\/2024\/07\/09_Nyaradi_Marisia33.pdf\">Zsolt Ny\u00e1r\u00e1di, Data Concerning Changes in a Cemetery Surrounding a Medieval Church<\/a><\/p>\n\n\n\n<p><a href=\"http:\/\/marisia.ro\/wp-content\/uploads\/2024\/07\/10_Botar_Toth_Grynaeus_Walgraffe_Marisia33.pdf\">Bot\u00e1r Istv\u00e1n, Grynaeus Andr\u00e1s, T\u00f3th Bogl\u00e1rka, Walgraffe Denis, Dendrokronol\u00f3giai vizsg\u00e1latok a marosv\u00e1s\u00e1rhelyi v\u00e1rtemplomban<\/a><\/p>\n\n\n\n<p><a href=\"http:\/\/marisia.ro\/wp-content\/uploads\/2024\/07\/11_Berecki_Review_Marisia33.pdf\">S\u00e1ndor Berecki, Peter Anreiter \u2013 Eszter B\u00e1nffy \u2013 L\u00e1szl\u00f3 Bartosiewicz \u2013 Wolfgang Meid \u2013 Carola Metzner-Nebelsick (eds), Archaeological, Cultural and Linguistic Heritage. Festschrift for Erzs\u00e9bet Jerem in Honour of her 70<sup>th<\/sup> Birthday, 2012, Main Series 25,633 pp. with BW and colour illustrations ISBN 978-963-9911-28-4<\/a><\/p>\n","protected":false},"excerpt":{"rendered":"<p>S\u00e1ndor Berecki, Another Early Iron Age Zoomorphic Clay Figurine from T\u00e2rgu Mure\u015f Denis Topal, Akinakai [&hellip;]<\/p>\n","protected":false},"author":1,"featured_media":0,"parent":0,"menu_order":0,"comment_status":"closed","ping_status":"closed","template":"page-full-width.php","meta":{"footnotes":""},"folder":[26],"_links":{"self":[{"href":"https:\/\/marisia.ro\/index.php?rest_route=\/wp\/v2\/pages\/240"}],"collection":[{"href":"https:\/\/marisia.ro\/index.php?rest_route=\/wp\/v2\/pages"}],"about":[{"href":"https:\/\/marisia.ro\/index.php?rest_route=\/wp\/v2\/types\/page"}],"author":[{"embeddable":true,"href":"https:\/\/marisia.ro\/index.php?rest_route=\/wp\/v2\/users\/1"}],"replies":[{"embeddable":true,"href":"https:\/\/marisia.ro\/index.php?rest_route=%2Fwp%2Fv2%2Fcomments&post=240"}],"version-history":[{"count":3,"href":"https:\/\/marisia.ro\/index.php?rest_route=\/wp\/v2\/pages\/240\/revisions"}],"predecessor-version":[{"id":493,"href":"https:\/\/marisia.ro\/index.php?rest_route=\/wp\/v2\/pages\/240\/revisions\/493"}],"wp:attachment":[{"href":"https:\/\/marisia.ro\/index.php?rest_route=%2Fwp%2Fv2%2Fmedia&parent=240"}],"wp:term":[{"taxonomy":"folder","embeddable":true,"href":"https:\/\/marisia.ro\/index.php?rest_route=%2Fwp%2Fv2%2Ffolder&post=240"}],"curies":[{"name":"wp","href":"https:\/\/api.w.org\/{rel}","templated":true}]}}