{"id":292,"date":"2024-03-20T14:21:13","date_gmt":"2024-03-20T12:21:13","guid":{"rendered":"http:\/\/5.2.203.8:8090\/?page_id=292"},"modified":"2024-03-20T14:21:14","modified_gmt":"2024-03-20T12:21:14","slug":"studii-si-materiale-i-1965-stiintele-naturii-istorie-etnografie-muzeologie","status":"publish","type":"page","link":"https:\/\/marisia.ro\/?page_id=292","title":{"rendered":"Studii \u015fi Materiale I, 1965 (\u015etiin\u0163ele Naturii, Istorie, Etnografie, Muzeologie)"},"content":{"rendered":"","protected":false},"excerpt":{"rendered":"","protected":false},"author":1,"featured_media":0,"parent":0,"menu_order":0,"comment_status":"closed","ping_status":"closed","template":"page-full-width.php","meta":{"footnotes":""},"folder":[26],"_links":{"self":[{"href":"https:\/\/marisia.ro\/index.php?rest_route=\/wp\/v2\/pages\/292"}],"collection":[{"href":"https:\/\/marisia.ro\/index.php?rest_route=\/wp\/v2\/pages"}],"about":[{"href":"https:\/\/marisia.ro\/index.php?rest_route=\/wp\/v2\/types\/page"}],"author":[{"embeddable":true,"href":"https:\/\/marisia.ro\/index.php?rest_route=\/wp\/v2\/users\/1"}],"replies":[{"embeddable":true,"href":"https:\/\/marisia.ro\/index.php?rest_route=%2Fwp%2Fv2%2Fcomments&post=292"}],"version-history":[{"count":1,"href":"https:\/\/marisia.ro\/index.php?rest_route=\/wp\/v2\/pages\/292\/revisions"}],"predecessor-version":[{"id":293,"href":"https:\/\/marisia.ro\/index.php?rest_route=\/wp\/v2\/pages\/292\/revisions\/293"}],"wp:attachment":[{"href":"https:\/\/marisia.ro\/index.php?rest_route=%2Fwp%2Fv2%2Fmedia&parent=292"}],"wp:term":[{"taxonomy":"folder","embeddable":true,"href":"https:\/\/marisia.ro\/index.php?rest_route=%2Fwp%2Fv2%2Ffolder&post=292"}],"curies":[{"name":"wp","href":"https:\/\/api.w.org\/{rel}","templated":true}]}}