{"id":46,"date":"2024-01-11T11:38:36","date_gmt":"2024-01-11T11:38:36","guid":{"rendered":"http:\/\/5.2.203.8:8090\/?page_id=46"},"modified":"2025-04-08T12:43:45","modified_gmt":"2025-04-08T10:43:45","slug":"arhiva","status":"publish","type":"page","link":"https:\/\/marisia.ro\/?page_id=46","title":{"rendered":"Arhiv\u0103"},"content":{"rendered":"\n<p><a href=\"http:\/\/marisia.ro\/?p=601\">Marisia. Archaeologia-Historia-Patrimonium 5, 2023<\/a><\/p>\n\n\n\n<p><a href=\"http:\/\/marisia.ro\/?p=528\">Marisia. Archaeologia-Historia-Patrimonium 4, 2022<\/a><\/p>\n\n\n\n<p><a href=\"http:\/\/marisia.ro\/?page_id=224\" data-type=\"page\" data-id=\"224\">Marisia. Archaeologia-Historia-Patrimonium 3, 2021<\/a><\/p>\n\n\n\n<p><a href=\"http:\/\/marisia.ro\/?page_id=226\" data-type=\"page\" data-id=\"226\">Marisia. Archaeologia-Historia-Patrimonium 2, 2020<\/a><\/p>\n\n\n\n<p><a href=\"http:\/\/marisia.ro\/?page_id=228\" data-type=\"page\" data-id=\"228\">Marisia. Archaeologia-Historia-Patrimonium 1, 2019<\/a><\/p>\n\n\n\n<p><a href=\"http:\/\/marisia.ro\/?page_id=230\" data-type=\"page\" data-id=\"230\">Marisia XXXVII, 2017 (Istorie)<\/a><\/p>\n\n\n\n<p><a href=\"http:\/\/marisia.ro\/?page_id=232\" data-type=\"page\" data-id=\"232\">Marisia XXXVI, 2016 (Istorie)<\/a><\/p>\n\n\n\n<p><a href=\"http:\/\/marisia.ro\/?page_id=234\" data-type=\"page\" data-id=\"234\">Marisia XXXIV\u2013XXXV, 2015 (Istorie)<\/a><\/p>\n\n\n\n<p><a href=\"http:\/\/marisia.ro\/?page_id=236\" data-type=\"page\" data-id=\"236\">Marisia XXXIV\u2013XXXV, 2015 (Arheologie)<\/a><\/p>\n\n\n\n<p><a href=\"http:\/\/marisia.ro\/?page_id=238\" data-type=\"page\" data-id=\"238\">Marisia XXXII\u2013XXXIII, 2013 (Istorie)<\/a><\/p>\n\n\n\n<p><a href=\"http:\/\/marisia.ro\/?page_id=240\" data-type=\"page\" data-id=\"240\">Marisia XXXIII, 2013(Arheologie)<\/a><\/p>\n\n\n\n<p><a href=\"http:\/\/marisia.ro\/?page_id=242\" data-type=\"page\" data-id=\"242\">Marisia XXXII, 2012 (Arheologie)<\/a><\/p>\n\n\n\n<p><a href=\"http:\/\/marisia.ro\/?page_id=244\" data-type=\"page\" data-id=\"244\">Marisia XXX\u2013XXXI, 2011(Istorie)<\/a><\/p>\n\n\n\n<p><a href=\"http:\/\/marisia.ro\/?page_id=246\" data-type=\"page\" data-id=\"246\">Marisia XXXI, 2011 (Arheologie)<\/a><\/p>\n\n\n\n<p><a href=\"http:\/\/marisia.ro\/?page_id=248\" data-type=\"page\" data-id=\"248\">Marisia XXX, 2010 (Arheologie)<\/a><\/p>\n\n\n\n<p><a href=\"http:\/\/marisia.ro\/?page_id=250\" data-type=\"page\" data-id=\"250\">Marisia XXIX, 2009 (Istorie)<\/a><\/p>\n\n\n\n<p><a href=\"http:\/\/marisia.ro\/?page_id=254\" data-type=\"page\" data-id=\"254\">Marisia XXVIII, 2006 (Arheologie, Istorie)<\/a><\/p>\n\n\n\n<p><a href=\"http:\/\/marisia.ro\/?page_id=256\" data-type=\"page\" data-id=\"256\">Marisia XXVIII, 2005 (Arheologie, Istorie)<\/a><\/p>\n\n\n\n<p><a href=\"http:\/\/marisia.ro\/?page_id=258\" data-type=\"page\" data-id=\"258\">Marisia XXVII, 2003 (Arheologie, Istorie)<\/a><\/p>\n\n\n\n<p><a href=\"http:\/\/marisia.ro\/?page_id=262\" data-type=\"page\" data-id=\"262\">Marisia XXVI, 2000 (Arheologie, Istorie)<\/a><\/p>\n\n\n\n<p><a href=\"http:\/\/marisia.ro\/?page_id=264\" data-type=\"page\" data-id=\"264\">Marisia XXV, 1996 (Arheologie, Istorie)<\/a><\/p>\n\n\n\n<p><a href=\"http:\/\/marisia.ro\/?page_id=266\" data-type=\"page\" data-id=\"266\">Marisia XXIII\u2013XXIV, 1994 (Arheologie, Istorie, Etnografie)<\/a><\/p>\n\n\n\n<p><a href=\"http:\/\/marisia.ro\/?page_id=268\" data-type=\"page\" data-id=\"268\">Marisia XV\u2013XXII, 1985\u20131992 (Arheologie, Istorie, Etnografie)<\/a><\/p>\n\n\n\n<p><a href=\"http:\/\/marisia.ro\/?page_id=270\" data-type=\"page\" data-id=\"270\">Marisia XIII\u2013XIV, 1984 (Arheologie, Istorie, Etnografie)<\/a><\/p>\n\n\n\n<p><a href=\"http:\/\/marisia.ro\/?page_id=272\" data-type=\"page\" data-id=\"272\">Marisia XI\u2013XII, 1981\u20131982 (Arheologie, Istorie, Etnografie)<\/a><\/p>\n\n\n\n<p><a href=\"http:\/\/marisia.ro\/?page_id=274\" data-type=\"page\" data-id=\"274\">Marisia X, 1980 (Arheologie, Istorie, Etnografie)<\/a><\/p>\n\n\n\n<p><a href=\"http:\/\/marisia.ro\/?page_id=276\" data-type=\"page\" data-id=\"276\">Marisia IX, 1979 (Arheologie, Istorie, Etnografie)<\/a><\/p>\n\n\n\n<p><a href=\"http:\/\/marisia.ro\/?page_id=280\" data-type=\"page\" data-id=\"280\">Marisia VIII, 1978 (Arheologie, Istorie, Etnografie)<\/a><\/p>\n\n\n\n<p><a href=\"http:\/\/marisia.ro\/?page_id=282\" data-type=\"page\" data-id=\"282\">Marisia VII, 1977 (Arheologie, Istorie, Etnografie)<\/a><\/p>\n\n\n\n<p><a href=\"http:\/\/marisia.ro\/?page_id=284\" data-type=\"page\" data-id=\"284\">Marisia VI, 1976 (Arheologie, Istorie, Etnografie)<\/a><\/p>\n\n\n\n<p><a href=\"http:\/\/marisia.ro\/?page_id=286\" data-type=\"page\" data-id=\"286\">Marisia V, 1975 (Arheologie, Istorie, Etnografie)<\/a><\/p>\n\n\n\n<p><a href=\"http:\/\/marisia.ro\/?page_id=288\" data-type=\"page\" data-id=\"288\">Studii \u015fi Materiale III\u2013IV, 1972 (\u015etiin\u0163ele Naturii, Istorie, Muzeologie)<\/a><\/p>\n\n\n\n<p><a href=\"http:\/\/marisia.ro\/?page_id=290\" data-type=\"page\" data-id=\"290\">Studii \u015fi Materiale II, 1967 (\u015etiin\u0163ele Naturii, Istorie, Muzeologie)<\/a><\/p>\n\n\n\n<p><a href=\"http:\/\/marisia.ro\/?page_id=292\" data-type=\"page\" data-id=\"292\"> <style type=\"text\/css\">p { line-height: 115%; text-align: left; orphans: 2; widows: 2; margin-bottom: 0.1in; direction: ltr; background: transparent } &amp;amp;amp;lt;span lang=\"de-DE\">Marisia XXIX, 2009 (Arheologie)&amp;amp;amp;lt;\/span><\/style>Studii \u015fi Materiale I, 1965 (\u015etiin\u0163ele Naturii, Istorie, Muzeologie)<\/a><\/p>\n","protected":false},"excerpt":{"rendered":"<p>Marisia. Archaeologia-Historia-Patrimonium 5, 2023 Marisia. Archaeologia-Historia-Patrimonium 4, 2022 Marisia. Archaeologia-Historia-Patrimonium 3, 2021 Marisia. Archaeologia-Historia-Patrimonium 2, [&hellip;]<\/p>\n","protected":false},"author":1,"featured_media":0,"parent":0,"menu_order":0,"comment_status":"closed","ping_status":"closed","template":"page-full-width.php","meta":{"footnotes":""},"folder":[],"_links":{"self":[{"href":"https:\/\/marisia.ro\/index.php?rest_route=\/wp\/v2\/pages\/46"}],"collection":[{"href":"https:\/\/marisia.ro\/index.php?rest_route=\/wp\/v2\/pages"}],"about":[{"href":"https:\/\/marisia.ro\/index.php?rest_route=\/wp\/v2\/types\/page"}],"author":[{"embeddable":true,"href":"https:\/\/marisia.ro\/index.php?rest_route=\/wp\/v2\/users\/1"}],"replies":[{"embeddable":true,"href":"https:\/\/marisia.ro\/index.php?rest_route=%2Fwp%2Fv2%2Fcomments&post=46"}],"version-history":[{"count":18,"href":"https:\/\/marisia.ro\/index.php?rest_route=\/wp\/v2\/pages\/46\/revisions"}],"predecessor-version":[{"id":649,"href":"https:\/\/marisia.ro\/index.php?rest_route=\/wp\/v2\/pages\/46\/revisions\/649"}],"wp:attachment":[{"href":"https:\/\/marisia.ro\/index.php?rest_route=%2Fwp%2Fv2%2Fmedia&parent=46"}],"wp:term":[{"taxonomy":"folder","embeddable":true,"href":"https:\/\/marisia.ro\/index.php?rest_route=%2Fwp%2Fv2%2Ffolder&post=46"}],"curies":[{"name":"wp","href":"https:\/\/api.w.org\/{rel}","templated":true}]}}