{"id":50,"date":"2024-01-11T11:41:28","date_gmt":"2024-01-11T11:41:28","guid":{"rendered":"http:\/\/5.2.203.8:8090\/?page_id=50"},"modified":"2024-04-18T11:22:26","modified_gmt":"2024-04-18T09:22:26","slug":"elerhetoseg","status":"publish","type":"page","link":"https:\/\/marisia.ro\/?page_id=50&lang=hu","title":{"rendered":"El\u00e9rhet\u0151s\u00e9g"},"content":{"rendered":"\n<p>Maros Megyei M\u00fazeum\/Mure\u015f County Museum CP 85, str. M\u0103r\u0103\u015fti nr. 8A, 540328 T\u00e2rgu Mure\u015f, Rom\u00e2nia&nbsp;<\/p>\n\n\n\n<p>e-mail:&nbsp;<a href=\"mailto:marisiaedit@gmail.com\">marisiaedit@gmail.com<\/a><\/p>\n\n\n\n<p>Felel\u0151s kiad\u00f3: \u00d6TV\u00d6S Kopp\u00e1ny Bulcs\u00fa,\u00a0<a href=\"mailto:koppanybulcsu@gmail.com\">koppanybulcsu@gmail.com<\/a><\/p>\n\n\n\n<p>Szerkeszt\u0151s\u00e9gi titk\u00e1r: REZI Botond, reziboti@yahoo.com<\/p>\n","protected":false},"excerpt":{"rendered":"<p>Maros Megyei M\u00fazeum\/Mure\u015f County Museum CP 85, str. M\u0103r\u0103\u015fti nr. 8A, 540328 T\u00e2rgu Mure\u015f, Rom\u00e2nia&nbsp; [&hellip;]<\/p>\n","protected":false},"author":1,"featured_media":0,"parent":0,"menu_order":0,"comment_status":"closed","ping_status":"closed","template":"page-full-width.php","meta":{"footnotes":""},"folder":[],"_links":{"self":[{"href":"https:\/\/marisia.ro\/index.php?rest_route=\/wp\/v2\/pages\/50"}],"collection":[{"href":"https:\/\/marisia.ro\/index.php?rest_route=\/wp\/v2\/pages"}],"about":[{"href":"https:\/\/marisia.ro\/index.php?rest_route=\/wp\/v2\/types\/page"}],"author":[{"embeddable":true,"href":"https:\/\/marisia.ro\/index.php?rest_route=\/wp\/v2\/users\/1"}],"replies":[{"embeddable":true,"href":"https:\/\/marisia.ro\/index.php?rest_route=%2Fwp%2Fv2%2Fcomments&post=50"}],"version-history":[{"count":3,"href":"https:\/\/marisia.ro\/index.php?rest_route=\/wp\/v2\/pages\/50\/revisions"}],"predecessor-version":[{"id":359,"href":"https:\/\/marisia.ro\/index.php?rest_route=\/wp\/v2\/pages\/50\/revisions\/359"}],"wp:attachment":[{"href":"https:\/\/marisia.ro\/index.php?rest_route=%2Fwp%2Fv2%2Fmedia&parent=50"}],"wp:term":[{"taxonomy":"folder","embeddable":true,"href":"https:\/\/marisia.ro\/index.php?rest_route=%2Fwp%2Fv2%2Ffolder&post=50"}],"curies":[{"name":"wp","href":"https:\/\/api.w.org\/{rel}","templated":true}]}}