{"id":52,"date":"2024-01-11T11:42:10","date_gmt":"2024-01-11T11:42:10","guid":{"rendered":"http:\/\/5.2.203.8:8090\/?page_id=52"},"modified":"2024-04-17T12:36:13","modified_gmt":"2024-04-17T10:36:13","slug":"contact-2","status":"publish","type":"page","link":"https:\/\/marisia.ro\/?page_id=52","title":{"rendered":"Contact"},"content":{"rendered":"\n<p>Muzeul Jude\u0163ean Mure\u015f CP 85, str. M\u0103r\u0103\u015fti nr. 8A, 540328 T\u00e2rgu Mure\u015f, Rom\u00e2nia&nbsp;<\/p>\n\n\n\n<p>e-mail:&nbsp;<a href=\"mailto:marisiaedit@gmail.com\">marisiaedit@gmail.com<\/a><\/p>\n\n\n\n<p>Editor executiv: Kopp\u00e1ny Bulcs\u00fa \u00d6TV\u00d6S,\u00a0<a href=\"mailto:koppanybulcsu@gmail.com\">koppanybulcsu@gmail.com<\/a><\/p>\n\n\n\n<p>Secretar redac\u0163ie: Botond REZI, reziboti@yahoo.com<\/p>\n","protected":false},"excerpt":{"rendered":"<p>Muzeul Jude\u0163ean Mure\u015f CP 85, str. M\u0103r\u0103\u015fti nr. 8A, 540328 T\u00e2rgu Mure\u015f, Rom\u00e2nia&nbsp; e-mail:&nbsp;marisiaedit@gmail.com Editor [&hellip;]<\/p>\n","protected":false},"author":1,"featured_media":0,"parent":0,"menu_order":0,"comment_status":"closed","ping_status":"closed","template":"page-full-width.php","meta":{"footnotes":""},"folder":[],"_links":{"self":[{"href":"https:\/\/marisia.ro\/index.php?rest_route=\/wp\/v2\/pages\/52"}],"collection":[{"href":"https:\/\/marisia.ro\/index.php?rest_route=\/wp\/v2\/pages"}],"about":[{"href":"https:\/\/marisia.ro\/index.php?rest_route=\/wp\/v2\/types\/page"}],"author":[{"embeddable":true,"href":"https:\/\/marisia.ro\/index.php?rest_route=\/wp\/v2\/users\/1"}],"replies":[{"embeddable":true,"href":"https:\/\/marisia.ro\/index.php?rest_route=%2Fwp%2Fv2%2Fcomments&post=52"}],"version-history":[{"count":3,"href":"https:\/\/marisia.ro\/index.php?rest_route=\/wp\/v2\/pages\/52\/revisions"}],"predecessor-version":[{"id":338,"href":"https:\/\/marisia.ro\/index.php?rest_route=\/wp\/v2\/pages\/52\/revisions\/338"}],"wp:attachment":[{"href":"https:\/\/marisia.ro\/index.php?rest_route=%2Fwp%2Fv2%2Fmedia&parent=52"}],"wp:term":[{"taxonomy":"folder","embeddable":true,"href":"https:\/\/marisia.ro\/index.php?rest_route=%2Fwp%2Fv2%2Ffolder&post=52"}],"curies":[{"name":"wp","href":"https:\/\/api.w.org\/{rel}","templated":true}]}}