{"id":58,"date":"2024-01-12T09:13:44","date_gmt":"2024-01-12T09:13:44","guid":{"rendered":"http:\/\/5.2.203.8:8090\/?page_id=58"},"modified":"2025-06-11T08:07:45","modified_gmt":"2025-06-11T06:07:45","slug":"consiliul-editorial-si-comitetul-consultativ","status":"publish","type":"page","link":"https:\/\/marisia.ro\/?page_id=58","title":{"rendered":"Consiliul editorial \u015fi Colegiul \u0218tiin\u021bific"},"content":{"rendered":"\n<p><strong><strong>Editor<\/strong> executiv:&nbsp;<\/strong><\/p>\n\n\n\n<p>Kopp\u00e1ny Bulcs\u00fa \u00d6TV\u00d6S, Muzeul Jude\u0163ean Mure\u015f<\/p>\n\n\n\n<p><strong>Redactor \u0219ef:<\/strong><\/p>\n\n\n\n<p>N\u00e9meth E. Rita, Muzeul Jude\u021bean Mure\u0219<\/p>\n\n\n\n<p><strong>Editori:&nbsp;<\/strong><\/p>\n\n\n\n<p>S\u00e1ndor BERECKI, Muzeul Jude\u0163ean Mure\u015f<\/p>\n\n\n\n<p>Zal\u00e1n GY\u0150RFI, Muzeul Jude\u0163ean Mure\u015f&nbsp;<\/p>\n\n\n\n<p>J\u00e1nos ORB\u00c1N, Muzeul Jude\u0163ean Mure\u015f&nbsp;<\/p>\n\n\n\n<p>Szilam\u00e9r P\u00e9ter P\u00c1NCZ\u00c9L, Muzeul Jude\u0163ean Mure\u015f&nbsp;<\/p>\n\n\n\n<p><strong>Secretar redac\u0163ie:<\/strong><\/p>\n\n\n\n<p>Botond REZI, Muzeul Jude\u0163ean Mure\u015f<\/p>\n\n\n\n<p><strong><strong>Colegiul \u0218tiin\u021bific<\/strong>:<\/strong><\/p>\n\n\n\n<p>Oliver DIETRICH (Halle (Saale), Germania)<\/p>\n\n\n\n<p>Elek BENK\u0150, Institutul de Arheologie, Centrul de Cercetare pentru \u0218tiin\u021be Umaniste (Budapesta, Ungaria)&nbsp;<\/p>\n\n\n\n<p>Marius-Mihai CIUT\u0102, Universitatea \u201eLucian Blaga\u201d din Sibiu (Sibiu, Rom\u00e2nia)<\/p>\n\n\n\n<p>Zolt\u00e1n CZAJLIK, Universitatea \u201eE\u00f6tv\u00f6s Lor\u00e1nd\u201d, Institutul de \u015etiin\u0163e Arheologice (Budapesta, Ungaria)&nbsp;<\/p>\n\n\n\n<p>Ciprian FIREA, Academia Rom\u00e2n\u0103, Institutul de Arheologie \u015fi Istoria Artei (Cluj-Napoca, Romania)&nbsp;<\/p>\n\n\n\n<p>Andr\u00e1s KOV\u00c1CS, Universitatea \u201eBabe\u0219-Bolyai\u201d (Cluj-Napoca, Rom\u00e2nia)&nbsp;<\/p>\n\n\n\n<p>Zsolt VISY, Universitatea din P\u00e9cs (P\u00e9cs, Ungaria)<\/p>\n","protected":false},"excerpt":{"rendered":"<p>Editor executiv:&nbsp; Kopp\u00e1ny Bulcs\u00fa \u00d6TV\u00d6S, Muzeul Jude\u0163ean Mure\u015f Redactor \u0219ef: N\u00e9meth E. Rita, Muzeul Jude\u021bean [&hellip;]<\/p>\n","protected":false},"author":1,"featured_media":0,"parent":0,"menu_order":0,"comment_status":"closed","ping_status":"closed","template":"page-full-width.php","meta":{"footnotes":""},"folder":[],"_links":{"self":[{"href":"https:\/\/marisia.ro\/index.php?rest_route=\/wp\/v2\/pages\/58"}],"collection":[{"href":"https:\/\/marisia.ro\/index.php?rest_route=\/wp\/v2\/pages"}],"about":[{"href":"https:\/\/marisia.ro\/index.php?rest_route=\/wp\/v2\/types\/page"}],"author":[{"embeddable":true,"href":"https:\/\/marisia.ro\/index.php?rest_route=\/wp\/v2\/users\/1"}],"replies":[{"embeddable":true,"href":"https:\/\/marisia.ro\/index.php?rest_route=%2Fwp%2Fv2%2Fcomments&post=58"}],"version-history":[{"count":8,"href":"https:\/\/marisia.ro\/index.php?rest_route=\/wp\/v2\/pages\/58\/revisions"}],"predecessor-version":[{"id":809,"href":"https:\/\/marisia.ro\/index.php?rest_route=\/wp\/v2\/pages\/58\/revisions\/809"}],"wp:attachment":[{"href":"https:\/\/marisia.ro\/index.php?rest_route=%2Fwp%2Fv2%2Fmedia&parent=58"}],"wp:term":[{"taxonomy":"folder","embeddable":true,"href":"https:\/\/marisia.ro\/index.php?rest_route=%2Fwp%2Fv2%2Ffolder&post=58"}],"curies":[{"name":"wp","href":"https:\/\/api.w.org\/{rel}","templated":true}]}}