{"id":64,"date":"2024-01-12T09:17:11","date_gmt":"2024-01-12T09:17:11","guid":{"rendered":"http:\/\/5.2.203.8:8090\/?page_id=64"},"modified":"2024-07-05T08:39:32","modified_gmt":"2024-07-05T06:39:32","slug":"etica-editoriala","status":"publish","type":"page","link":"https:\/\/marisia.ro\/?page_id=64","title":{"rendered":"Etica editorial\u0103"},"content":{"rendered":"\n<p>\u00cen conformitate cu regulile de publicare ale revistei noastre, \u00eencuraj\u0103m publicarea de articole originale, elaborate cu rigurozitate \u0219tiin\u021bific\u0103. Toate articolele propuse vor fi evaluate \u00een prim\u0103 instan\u021b\u0103 de c\u0103tre editorul executiv. Lucr\u0103rile sunt apoi citite de consiliul editorial \u0219i evaluate \u00een func\u021bie de calitatea \u0219tiin\u021bific\u0103 general\u0103, \u00eencadrarea \u00een tematica periodicului, respectarea regulilor editoriale \u0219i a liniilor directoare\u00a0\u00a0pentru autori. Descrierea detaliat\u0103 a\u00a0Normelor de publicare pentru autori este disponibil\u0103 <a href=\"http:\/\/marisia.ro\/?page_id=68\" data-type=\"page\" data-id=\"68\">aici<\/a>.<\/p>\n\n\n\n<p>Studiile acceptate vor fi evaluate de cel pu\u021bin doi exper\u021bi \u00een func\u021bie de poten\u021bialul de noutate \u0219i importan\u021ba descoperirilor istorice, a teoriilor \u0219i metodelor. Descrierea detaliat\u0103 a\u00a0Procesului de evaluare colegial\u0103 este disponibil\u0103 <a href=\"http:\/\/marisia.ro\/?page_id=72\" data-type=\"page\" data-id=\"72\">aici<\/a>.\u00a0<\/p>\n\n\n\n<p>Consiliul editorial se va asigura c\u0103 toate materialele trimise la revist\u0103 r\u0103m\u00e2n confiden\u021biale \u00een timpul evalu\u0103rii. Consiliul editorial \u0219i personalul editorial nu vor divulga nim\u0103nui nicio informa\u021bie despre manuscris \u00een afar\u0103 de autorul acestuia, recenzen\u021bi, al\u021bi consilieri editoriali \u0219i editor. Lista detaliat\u0103 a\u00a0Consiliului editorial este disponibil\u0103 <a href=\"http:\/\/marisia.ro\/?page_id=58\" data-type=\"page\" data-id=\"58\">aici<\/a>.<\/p>\n\n\n\n<p>Informa\u021biile sau ideile privilegiate ob\u021binute \u00een cadrul procesului de evaluare colegial\u0103 r\u0103m\u00e2n confiden\u021biale \u0219i nu vor fi folosite \u00een interes personal. Recenzen\u021bii nu vor evalua manuscrise \u00een cazul c\u0103rora apar suspiciuni de conflict de interese rezultate din rela\u021bii concuren\u021biale, de colaborare sau de alt\u0103 natur\u0103 cu autorii, companiile sau institu\u021biile asociate cu manuscrisul.&nbsp;<\/p>\n\n\n\n<p>Nu percepem nicio tax\u0103 de la autori pentru publicare \u00een revista noastr\u0103.<\/p>\n\n\n\n<p>Colaboratorii se vor asigura c\u0103 au respectat principiile eticii cercet\u0103rii \u0219tiin\u021bifice \u0219i au scris lucr\u0103ri complet originale.&nbsp;&nbsp;\u00cen cazul \u00een care sunt folosite lucr\u0103ri \u0219i\/sau cuvinte ale altora, acestea trebuie s\u0103 fie citate \u00een mod corespunz\u0103tor. Plagiatul, sub toate formele sale, constituie un comportament neetic de publicare \u0219i este inacceptabil. Orice caz de publicare redundant\u0103 (publicarea de dou\u0103 ori a aceluia\u0219i text), date falsificate, recunoa\u0219terea incomplet\u0103 a autorilor \u0219i a colaboratorilor unei lucr\u0103ri, creditarea cuiva ca autor f\u0103r\u0103 ca acesta s\u0103 fi contribuit la cercetare, precum \u015fi conflictele de interese trebuie evitate.<\/p>\n\n\n\n<p>Marisia este o revist\u0103 cu acces liber. \u00centregul con\u021binut este disponibil \u00een mod gratuit pentru orice utilizator sau pentru institu\u021bia sa, sub form\u0103 de fi\u0219iere pdf care pot fi desc\u0103rcate. Utilizatorii au dreptul de a citi, desc\u0103rca, copia, distribui, imprima, c\u0103uta sau crea un link c\u0103tre textele integrale ale articolelor sau de a le utiliza \u00een orice alt scop legal \u0219i necomercial, f\u0103r\u0103 a cere \u00een prealabil permisiunea editorului, men\u021bion\u00e2nd \u00een mod corespunz\u0103tor autorul \u0219i sursa. Acest lucru este \u00een conformitate cu defini\u021bia BOAI a accesului deschis.<\/p>\n\n\n\n<p>Revista Marisia apare anual \u00eentr-un tiraj de 150 de exemplare \u0219i este distribuit\u0103 gratuit, la cerere, \u00een toate bibliotecile publice \u0219i centrele \u0219tiin\u021bifice de profil umanist, precum \u0219i \u00een alte institu\u021bii din \u021bar\u0103 \u0219i din str\u0103in\u0103tate, \u00een baza unui acord de colaborare.<\/p>\n\n\n\n<p>Respingem orice form\u0103 de discriminare \u00een paginile revistei noastre sau \u00een procesul de evaluare.<\/p>\n\n\n\n<p>Responsabilitatea asupra con\u021binutului lucr\u0103rilor apar\u021bine autorilor. Autorul acord\u0103 editorului drepturi nelimitate de publicare a lucr\u0103rii \u00een orice format \u0219i\/sau pe suport, fie \u00een scop lucrativ, fie \u00een orice alt scop.<\/p>\n\n\n\n<p>\u00cen conformitate cu cerin\u021bele CNCSIS \u0219i ale bazelor de date interna\u021bionale, fiecare autor va furniza detalii despre afilierea sa institu\u021bional\u0103 \u0219i datele de contact, care vor fi publicate \u00een articol.<\/p>\n\n\n\n<p>Declara\u021biile privind etica public\u0103rii \u0219i conduita necorespunz\u0103toare ale revistei Marisia se bazeaz\u0103 pe Kitul de resurse al Editurii Elsevier privind etica public\u0103rii (<a href=\"https:\/\/www.elsevier.com\/editors\/perk\">https:\/\/www.elsevier.com\/editors\/perk<\/a>), urmeaz\u0103 recomand\u0103rile acceptate la nivel interna\u021bional ale Comitetului pentru etica public\u0103rii \u0219i se bazeaz\u0103 pe liniile directoare ale&nbsp;Ghidului de bune practici pentru editorii de reviste&nbsp;(COPE)&nbsp;(<a href=\"https:\/\/publicationethics.org\/files\/u2\/Best_Practice.pdf\">https:\/\/publicationethics.org\/files\/u2\/Best_Practice.pdf<\/a>).<\/p>\n","protected":false},"excerpt":{"rendered":"<p>\u00cen conformitate cu regulile de publicare ale revistei noastre, \u00eencuraj\u0103m publicarea de articole originale, elaborate [&hellip;]<\/p>\n","protected":false},"author":1,"featured_media":0,"parent":0,"menu_order":0,"comment_status":"closed","ping_status":"closed","template":"page-full-width.php","meta":{"footnotes":""},"folder":[],"_links":{"self":[{"href":"https:\/\/marisia.ro\/index.php?rest_route=\/wp\/v2\/pages\/64"}],"collection":[{"href":"https:\/\/marisia.ro\/index.php?rest_route=\/wp\/v2\/pages"}],"about":[{"href":"https:\/\/marisia.ro\/index.php?rest_route=\/wp\/v2\/types\/page"}],"author":[{"embeddable":true,"href":"https:\/\/marisia.ro\/index.php?rest_route=\/wp\/v2\/users\/1"}],"replies":[{"embeddable":true,"href":"https:\/\/marisia.ro\/index.php?rest_route=%2Fwp%2Fv2%2Fcomments&post=64"}],"version-history":[{"count":6,"href":"https:\/\/marisia.ro\/index.php?rest_route=\/wp\/v2\/pages\/64\/revisions"}],"predecessor-version":[{"id":518,"href":"https:\/\/marisia.ro\/index.php?rest_route=\/wp\/v2\/pages\/64\/revisions\/518"}],"wp:attachment":[{"href":"https:\/\/marisia.ro\/index.php?rest_route=%2Fwp%2Fv2%2Fmedia&parent=64"}],"wp:term":[{"taxonomy":"folder","embeddable":true,"href":"https:\/\/marisia.ro\/index.php?rest_route=%2Fwp%2Fv2%2Ffolder&post=64"}],"curies":[{"name":"wp","href":"https:\/\/api.w.org\/{rel}","templated":true}]}}