{"id":66,"date":"2024-01-12T09:19:09","date_gmt":"2024-01-12T09:19:09","guid":{"rendered":"http:\/\/5.2.203.8:8090\/?page_id=66"},"modified":"2025-06-04T16:06:39","modified_gmt":"2025-06-04T14:06:39","slug":"szerkesztesi-iranyelvek","status":"publish","type":"page","link":"https:\/\/marisia.ro\/?page_id=66&lang=hu","title":{"rendered":"Szerkeszt\u00e9si ir\u00e1nyelvek"},"content":{"rendered":"\n<p>A k\u00e9zirat elk\u00e9sz\u00edt\u00e9s\u00e9re vonatkoz\u00f3 \u00fatmutat\u00f3 az al\u00e1bbi PDF dokumentumban \u00e9rhet\u0151 el. Az \u00fatmutat\u00f3 let\u00f6lthet\u0151 <a href=\"https:\/\/marisia.ro\/wp-content\/uploads\/2025\/06\/MARISIA_Editing-HUN.pdf\">ITT<\/a>.\u00a0<\/p>\n","protected":false},"excerpt":{"rendered":"<p>A k\u00e9zirat elk\u00e9sz\u00edt\u00e9s\u00e9re vonatkoz\u00f3 \u00fatmutat\u00f3 az al\u00e1bbi PDF dokumentumban \u00e9rhet\u0151 el. Az \u00fatmutat\u00f3 let\u00f6lthet\u0151 ITT.\u00a0<\/p>\n","protected":false},"author":1,"featured_media":0,"parent":0,"menu_order":0,"comment_status":"closed","ping_status":"closed","template":"page-full-width.php","meta":{"footnotes":""},"folder":[],"_links":{"self":[{"href":"https:\/\/marisia.ro\/index.php?rest_route=\/wp\/v2\/pages\/66"}],"collection":[{"href":"https:\/\/marisia.ro\/index.php?rest_route=\/wp\/v2\/pages"}],"about":[{"href":"https:\/\/marisia.ro\/index.php?rest_route=\/wp\/v2\/types\/page"}],"author":[{"embeddable":true,"href":"https:\/\/marisia.ro\/index.php?rest_route=\/wp\/v2\/users\/1"}],"replies":[{"embeddable":true,"href":"https:\/\/marisia.ro\/index.php?rest_route=%2Fwp%2Fv2%2Fcomments&post=66"}],"version-history":[{"count":8,"href":"https:\/\/marisia.ro\/index.php?rest_route=\/wp\/v2\/pages\/66\/revisions"}],"predecessor-version":[{"id":776,"href":"https:\/\/marisia.ro\/index.php?rest_route=\/wp\/v2\/pages\/66\/revisions\/776"}],"wp:attachment":[{"href":"https:\/\/marisia.ro\/index.php?rest_route=%2Fwp%2Fv2%2Fmedia&parent=66"}],"wp:term":[{"taxonomy":"folder","embeddable":true,"href":"https:\/\/marisia.ro\/index.php?rest_route=%2Fwp%2Fv2%2Ffolder&post=66"}],"curies":[{"name":"wp","href":"https:\/\/api.w.org\/{rel}","templated":true}]}}