{"id":72,"date":"2024-01-12T09:22:57","date_gmt":"2024-01-12T09:22:57","guid":{"rendered":"http:\/\/5.2.203.8:8090\/?page_id=72"},"modified":"2024-04-17T12:35:04","modified_gmt":"2024-04-17T10:35:04","slug":"procesul-de-evaluare-colegiala","status":"publish","type":"page","link":"https:\/\/marisia.ro\/?page_id=72","title":{"rendered":"Procesul de evaluare colegial\u0103\u00a0"},"content":{"rendered":"\n<p>Lucr\u0103rile trimise spre publicare vor fi evaluate ini\u021bial de c\u0103tre consiliul editorial \u00een sistem deschis de peer-review pentru a stabili dac\u0103 respect\u0103 cerin\u021bele editoriale. \u00cen cazul \u00een care lucr\u0103rile sunt conforme, vor fi trimise pentru evaluare \u00een sistem cu un singur orb la doi membri ai comunit\u0103\u021bii academice din Rom\u00e2nia sau din str\u0103in\u0103tate cu expertiz\u0103 \u00een domeniul respectiv. Acest proces este strict confiden\u021bial. Articolul este trimis recenzorilor prin e-mail sau, la cerere, prin po\u0219t\u0103. Referen\u021bii se vor pronun\u021ba asupra originalit\u0103\u021bii articolului, a abord\u0103rii \u0219tiin\u021bifice, a bibliografiei \u0219i a limbajului prin completarea formularului ata\u0219at. Referen\u021bii vor alege o recomandare listat\u0103 \u00een formular: respingerea articolului, acceptarea articolului cu anumite corecturi sau acceptarea articolului \u00een forma original\u0103.<\/p>\n\n\n\n<p>Dup\u0103 ce recenzorii fac recomand\u0103rile, decizia final\u0103 apar\u021bine consiliului editorial, lu\u00e2nd \u00een considerare punctul de vedere al referen\u021bilor. Recomand\u0103rile c\u0103tre autori vor fi trimise de c\u0103tre consiliul editorial. Comitetul \u0219tiin\u021bific decide, \u00een urma evalu\u0103rilor, ce articol poate fi publicat \u00een revista noastr\u0103.<\/p>\n","protected":false},"excerpt":{"rendered":"<p>Lucr\u0103rile trimise spre publicare vor fi evaluate ini\u021bial de c\u0103tre consiliul editorial \u00een sistem deschis [&hellip;]<\/p>\n","protected":false},"author":1,"featured_media":0,"parent":0,"menu_order":0,"comment_status":"closed","ping_status":"closed","template":"page-full-width.php","meta":{"footnotes":""},"folder":[],"_links":{"self":[{"href":"https:\/\/marisia.ro\/index.php?rest_route=\/wp\/v2\/pages\/72"}],"collection":[{"href":"https:\/\/marisia.ro\/index.php?rest_route=\/wp\/v2\/pages"}],"about":[{"href":"https:\/\/marisia.ro\/index.php?rest_route=\/wp\/v2\/types\/page"}],"author":[{"embeddable":true,"href":"https:\/\/marisia.ro\/index.php?rest_route=\/wp\/v2\/users\/1"}],"replies":[{"embeddable":true,"href":"https:\/\/marisia.ro\/index.php?rest_route=%2Fwp%2Fv2%2Fcomments&post=72"}],"version-history":[{"count":3,"href":"https:\/\/marisia.ro\/index.php?rest_route=\/wp\/v2\/pages\/72\/revisions"}],"predecessor-version":[{"id":336,"href":"https:\/\/marisia.ro\/index.php?rest_route=\/wp\/v2\/pages\/72\/revisions\/336"}],"wp:attachment":[{"href":"https:\/\/marisia.ro\/index.php?rest_route=%2Fwp%2Fv2%2Fmedia&parent=72"}],"wp:term":[{"taxonomy":"folder","embeddable":true,"href":"https:\/\/marisia.ro\/index.php?rest_route=%2Fwp%2Fv2%2Ffolder&post=72"}],"curies":[{"name":"wp","href":"https:\/\/api.w.org\/{rel}","templated":true}]}}