{"id":9,"date":"2024-01-11T09:45:52","date_gmt":"2024-01-11T09:45:52","guid":{"rendered":"http:\/\/5.2.203.8:8090\/?page_id=9"},"modified":"2024-07-05T08:41:03","modified_gmt":"2024-07-05T06:41:03","slug":"home","status":"publish","type":"page","link":"https:\/\/marisia.ro\/","title":{"rendered":"Home"},"content":{"rendered":"\n<p><strong>Marisia. Archaeologia, Historia, Patrimonium<\/strong><\/p>\n\n\n\n<p>ISSN (print): 2668\u20137232<\/p>\n\n\n\n<p>Frecven\u021ba public\u0103rii: anual\u0103<\/p>\n\n\n\n<p>Editura: Editura Mega,&nbsp;<a href=\"https:\/\/goo.gl\/maps\/CY4RZ6MubK7tFpaH8\" target=\"_blank\" rel=\"noreferrer noopener\">&nbsp;Pia\u021ba 1 Mai, 4-5, 400141 Cluj-Napoca, Romania<\/a><\/p>\n\n\n\n<p>Cu o tradi\u021bie editorial\u0103 dat\u00e2nd din 1965, Anuarul Muzeului Jude\u021bean Mure\u0219 a ini\u021biat \u00een 2019 o nou\u0103 serie, intitulat\u0103: Marisia. Archaeologia, Historia, Patrimonium. Periodicul reprezint\u0103 un for pentru publicarea noilor rezultate ale cercet\u0103rii patrimoniului material din domeniul arheologiei, al arhitecturii, al istoriei artei \u0219i culturii. Studiile se concentreaz\u0103 \u00een principal pe regiunea Transilvaniei care cuprinde \u0219i jude\u021bul Mure\u0219, dar dincolo de contribu\u021biile locale valoroase, are \u0219i o preocupare regional\u0103 \u0219i global\u0103, relevant\u0103 pentru \u00eentreaga Transilvanie. Printre misiunile anuarului se num\u0103r\u0103 \u0219i interpretarea reciproc\u0103 a rezultatelor cercet\u0103rilor ob\u021binute \u00een atelierele \u0219tiin\u021bifice din Rom\u00e2nia \u0219i Ungaria. Prin urmare, articolele anuarului sunt publicate \u00een principal \u00een limba englez\u0103, dar \u00een func\u021bie de domeniul de cercetare sunt acceptate \u0219i studii \u00een limba german\u0103, rom\u00e2n\u0103 sau maghiar\u0103.<\/p>\n\n\n\n<p><a href=\"http:\/\/marisia.ro\/?page_id=68\" data-type=\"page\" data-id=\"68\">Norme de publicare<\/a> + <a href=\"http:\/\/marisia.ro\/?page_id=64\" data-type=\"page\" data-id=\"64\">Etic\u0103 editorial\u0103<\/a><\/p>\n\n\n\n<p>Indexat \u00een urm\u0103toarele baze de date interna\u021bionale: <strong>CEEOL<\/strong><\/p>\n","protected":false},"excerpt":{"rendered":"<p>Marisia. Archaeologia, Historia, Patrimonium ISSN (print): 2668\u20137232 Frecven\u021ba public\u0103rii: anual\u0103 Editura: Editura Mega,&nbsp;&nbsp;Pia\u021ba 1 Mai, [&hellip;]<\/p>\n","protected":false},"author":1,"featured_media":0,"parent":0,"menu_order":0,"comment_status":"closed","ping_status":"closed","template":"page-full-width.php","meta":{"footnotes":""},"folder":[],"_links":{"self":[{"href":"https:\/\/marisia.ro\/index.php?rest_route=\/wp\/v2\/pages\/9"}],"collection":[{"href":"https:\/\/marisia.ro\/index.php?rest_route=\/wp\/v2\/pages"}],"about":[{"href":"https:\/\/marisia.ro\/index.php?rest_route=\/wp\/v2\/types\/page"}],"author":[{"embeddable":true,"href":"https:\/\/marisia.ro\/index.php?rest_route=\/wp\/v2\/users\/1"}],"replies":[{"embeddable":true,"href":"https:\/\/marisia.ro\/index.php?rest_route=%2Fwp%2Fv2%2Fcomments&post=9"}],"version-history":[{"count":12,"href":"https:\/\/marisia.ro\/index.php?rest_route=\/wp\/v2\/pages\/9\/revisions"}],"predecessor-version":[{"id":520,"href":"https:\/\/marisia.ro\/index.php?rest_route=\/wp\/v2\/pages\/9\/revisions\/520"}],"wp:attachment":[{"href":"https:\/\/marisia.ro\/index.php?rest_route=%2Fwp%2Fv2%2Fmedia&parent=9"}],"wp:term":[{"taxonomy":"folder","embeddable":true,"href":"https:\/\/marisia.ro\/index.php?rest_route=%2Fwp%2Fv2%2Ffolder&post=9"}],"curies":[{"name":"wp","href":"https:\/\/api.w.org\/{rel}","templated":true}]}}